{"id":2,"date":"2008-07-18T20:21:23","date_gmt":"2008-07-18T18:21:23","guid":{"rendered":"http:\/\/ubikuity.net\/?page_id=2"},"modified":"2020-12-27T01:12:19","modified_gmt":"2020-12-27T00:12:19","slug":"about","status":"publish","type":"page","link":"https:\/\/ubikuity.net\/blog\/about\/","title":{"rendered":"About me"},"content":{"rendered":"<p>Ce site a pour but de servir de base de connaissances pour les astuces, id\u00e9es et r\u00e9flexions du <strong>d\u00e9veloppeur d&#8217;applications Web<\/strong> que je suis.<\/p>\n<p>Bonne navigation !<\/p>\n<p>&nbsp;<\/p>\n<p>Mon compte <strong>Twitter<\/strong> : <a href=\"https:\/\/twitter.com\/Ubikuity\">https:\/\/twitter.com\/Ubikuity<\/a><\/p>\n<p><a class=\"twitter-follow-button\" href=\"https:\/\/twitter.com\/Ubikuity\" data-show-count=\"false\">Follow @Ubikuity<\/a><br \/>\n<script>\/\/ <![CDATA[\n!function(d,s,id){var js,fjs=d.getElementsByTagName(s)[0],p=\/^http:\/.test(d.location)?'http':'https';if(!d.getElementById(id)){js=d.createElement(s);js.id=id;js.src=p+':\/\/platform.twitter.com\/widgets.js';fjs.parentNode.insertBefore(js,fjs);}}(document, 'script', 'twitter-wjs');<br \/>\n\/\/ ]]><\/script><\/p>\n<p>Mon compte <strong>GitHub<\/strong> : <a href=\"https:\/\/github.com\/ubikuity\">https:\/\/github.com\/ubikuity<\/a><\/p>\n<p><iframe loading=\"lazy\" style=\"border: 0; height: 142px; width: 200px; overflow: hidden;\" src=\"https:\/\/githubbadge.appspot.com\/ubikuity\" width=\"300\" height=\"150\" frameborder=\"0\"><\/iframe><\/p>\n<p>Mon compte <strong>Stack Overflow<\/strong> : <a href=\"http:\/\/stackoverflow.com\/users\/266242\/ubikuity\">http:\/\/stackoverflow.com\/users\/266242\/ubikuity<\/a><br \/>\n<a href=\"http:\/\/stackoverflow.com\/users\/266242\/ubikuity\"><br \/>\n<img decoding=\"async\" loading=\"lazy\" title=\"profile for Ubikuity at Stack Overflow, Q&amp;A for professional and enthusiast programmers\" src=\"http:\/\/stackoverflow.com\/users\/flair\/266242.png\" alt=\"profile for Ubikuity at Stack Overflow, Q&amp;A for professional and enthusiast programmers\" width=\"208\" height=\"58\"><br \/>\n<\/a><\/p>\n","protected":false},"excerpt":{"rendered":"<p>Ce site a pour but de servir de base de connaissances pour les astuces, id\u00e9es et r\u00e9flexions du d\u00e9veloppeur d&#8217;applications Web que je suis. Bonne navigation ! &nbsp; Mon compte Twitter : https:\/\/twitter.com\/Ubikuity Follow @Ubikuity Mon compte GitHub : https:\/\/github.com\/ubikuity Mon compte Stack Overflow : http:\/\/stackoverflow.com\/users\/266242\/ubikuity<\/p>\n","protected":false},"author":3,"featured_media":0,"parent":0,"menu_order":20,"comment_status":"closed","ping_status":"closed","template":"","meta":{"jetpack_post_was_ever_published":false},"jetpack_sharing_enabled":true,"jetpack_shortlink":"https:\/\/wp.me\/P6emaU-2","_links":{"self":[{"href":"https:\/\/ubikuity.net\/blog\/wp-json\/wp\/v2\/pages\/2"}],"collection":[{"href":"https:\/\/ubikuity.net\/blog\/wp-json\/wp\/v2\/pages"}],"about":[{"href":"https:\/\/ubikuity.net\/blog\/wp-json\/wp\/v2\/types\/page"}],"author":[{"embeddable":true,"href":"https:\/\/ubikuity.net\/blog\/wp-json\/wp\/v2\/users\/3"}],"replies":[{"embeddable":true,"href":"https:\/\/ubikuity.net\/blog\/wp-json\/wp\/v2\/comments?post=2"}],"version-history":[{"count":16,"href":"https:\/\/ubikuity.net\/blog\/wp-json\/wp\/v2\/pages\/2\/revisions"}],"predecessor-version":[{"id":556,"href":"https:\/\/ubikuity.net\/blog\/wp-json\/wp\/v2\/pages\/2\/revisions\/556"}],"wp:attachment":[{"href":"https:\/\/ubikuity.net\/blog\/wp-json\/wp\/v2\/media?parent=2"}],"curies":[{"name":"wp","href":"https:\/\/api.w.org\/{rel}","templated":true}]}}